{"id":783,"date":"2021-05-17T15:19:32","date_gmt":"2021-05-17T13:19:32","guid":{"rendered":"http:\/\/masskontor.com\/?page_id=783"},"modified":"2021-05-17T15:24:36","modified_gmt":"2021-05-17T13:24:36","slug":"shop-auslage","status":"publish","type":"page","link":"http:\/\/masskontor.com\/index.php\/shop-auslage\/","title":{"rendered":"Shop &#8211; Auslage"},"content":{"rendered":"\n<p>Auf den Unterseiten &#8222;Accessoires&#8220; und &#8222;Kleidung&#8220; k\u00f6nnen Sie ausgew\u00e4hlte Einzelst\u00fccke aus unserer Auslage und verschiedenen Kollektionen erwerben. Bei Interesse melden Sie sich gerne unter <a href=\"mailto:service@masskontor.com\">service@masskontor.com<\/a><\/p>\n","protected":false},"excerpt":{"rendered":"<p>Auf den Unterseiten &#8222;Accessoires&#8220; und &#8222;Kleidung&#8220; k\u00f6nnen Sie ausgew\u00e4hlte Einzelst\u00fccke aus unserer Auslage und verschiedenen Kollektionen erwerben. Bei Interesse melden Sie sich gerne unter service@masskontor.com<\/p>\n","protected":false},"author":1,"featured_media":0,"parent":0,"menu_order":0,"comment_status":"closed","ping_status":"closed","template":"","meta":[],"_links":{"self":[{"href":"http:\/\/masskontor.com\/index.php\/wp-json\/wp\/v2\/pages\/783"}],"collection":[{"href":"http:\/\/masskontor.com\/index.php\/wp-json\/wp\/v2\/pages"}],"about":[{"href":"http:\/\/masskontor.com\/index.php\/wp-json\/wp\/v2\/types\/page"}],"author":[{"embeddable":true,"href":"http:\/\/masskontor.com\/index.php\/wp-json\/wp\/v2\/users\/1"}],"replies":[{"embeddable":true,"href":"http:\/\/masskontor.com\/index.php\/wp-json\/wp\/v2\/comments?post=783"}],"version-history":[{"count":2,"href":"http:\/\/masskontor.com\/index.php\/wp-json\/wp\/v2\/pages\/783\/revisions"}],"predecessor-version":[{"id":794,"href":"http:\/\/masskontor.com\/index.php\/wp-json\/wp\/v2\/pages\/783\/revisions\/794"}],"wp:attachment":[{"href":"http:\/\/masskontor.com\/index.php\/wp-json\/wp\/v2\/media?parent=783"}],"curies":[{"name":"wp","href":"https:\/\/api.w.org\/{rel}","templated":true}]}}