{"id":71,"date":"2019-01-03T12:46:52","date_gmt":"2019-01-03T10:46:52","guid":{"rendered":"http:\/\/masskontor.com\/?page_id=71"},"modified":"2024-02-22T08:22:10","modified_gmt":"2024-02-22T07:22:10","slug":"impressum","status":"publish","type":"page","link":"http:\/\/masskontor.com\/index.php\/impressum\/","title":{"rendered":"Impressum"},"content":{"rendered":"\n<p>Diese Seite ist noch nicht fertig gen\u00e4ht, ein paar Anproben sind noch notwendig!<\/p>\n\n\n\n<p> Angaben gem\u00e4\u00df \u00a7 5 TMG <\/p>\n\n\n\n<div class=\"wp-block-group\"><div class=\"wp-block-group__inner-container\"><\/div><\/div>\n\n\n\n<div class=\"wp-block-group\"><div class=\"wp-block-group__inner-container\">\n<p>Esther John KG<br>Gesch\u00e4ftsstelle:<br>Friedrichstr. 12<br> 19055 Schwerin , Altstadt<br> Fernsprecher: 0175 934 79 81<\/p>\n\n\n\n<p>Terminvereinbarungen 0385 2088972 oder service@masskontor.com<\/p>\n\n\n\n<p><br>email: service@masskontor.com,<br><br> Gesch\u00e4ftsf\u00fchrung: Helmuth J.A.M. Habel M.A.<\/p>\n<\/div><\/div>\n\n\n\n<p class=\"wp-block\">Sitz der Gesellschaft: <br>Esther John KG, <br>Furtw\u00e4nglerstr. 20, <br>14193 Berlin <\/p>\n\n\n\n<p><strong>Registereintrag: <\/strong><br> Eintragung im Handelsregister.<br> Registergericht: Berlin<br> Registernummer: HRA B 43512 B<\/p>\n\n\n\n<p><strong>Umsatzsteuer-ID: <\/strong> <br> Umsatzsteuer-Identifikationsnummer gem\u00e4\u00df \u00a727a Umsatzsteuergesetz: DE 244252904<br><br><strong>Haftungsausschluss: <\/strong><br><br><strong>Haftung f\u00fcr Inhalte<\/strong><br><br> Die Inhalte unserer Seiten wurden mit gr\u00f6\u00dfter Sorgfalt erstellt. F\u00fcr die  Richtigkeit, Vollst\u00e4ndigkeit und Aktualit\u00e4t der Inhalte k\u00f6nnen wir  jedoch keine Gew\u00e4hr \u00fcbernehmen. Als Diensteanbieter sind wir gem\u00e4\u00df \u00a7 7  Abs.1 TMG f\u00fcr eigene Inhalte auf diesen Seiten nach den allgemeinen  Gesetzen verantwortlich. Nach \u00a7\u00a7 8 bis 10 TMG sind wir als  Diensteanbieter jedoch nicht verpflichtet, \u00fcbermittelte oder  gespeicherte fremde Informationen zu \u00fcberwachen oder nach Umst\u00e4nden zu  forschen, die auf eine rechtswidrige T\u00e4tigkeit hinweisen.  Verpflichtungen zur Entfernung oder Sperrung der Nutzung von  Informationen nach den allgemeinen Gesetzen bleiben hiervon unber\u00fchrt.  Eine diesbez\u00fcgliche Haftung ist jedoch erst ab dem Zeitpunkt der  Kenntnis einer konkreten Rechtsverletzung m\u00f6glich. Bei Bekanntwerden von  entsprechenden Rechtsverletzungen werden wir diese Inhalte umgehend  entfernen.<br><br><strong>Haftung f\u00fcr Links<\/strong><br><br> Unser Angebot enth\u00e4lt Links zu externen Webseiten Dritter, auf deren  Inhalte wir keinen Einfluss haben. Deshalb k\u00f6nnen wir f\u00fcr diese fremden  Inhalte auch keine Gew\u00e4hr \u00fcbernehmen. F\u00fcr die Inhalte der verlinkten  Seiten ist stets der jeweilige Anbieter oder Betreiber der Seiten  verantwortlich. Die verlinkten Seiten wurden zum Zeitpunkt der  Verlinkung auf m\u00f6gliche Rechtsverst\u00f6\u00dfe \u00fcberpr\u00fcft. Rechtswidrige Inhalte  waren zum Zeitpunkt der Verlinkung nicht erkennbar. Eine permanente  inhaltliche Kontrolle der verlinkten Seiten ist jedoch ohne konkrete  Anhaltspunkte einer Rechtsverletzung nicht zumutbar. Bei Bekanntwerden  von Rechtsverletzungen werden wir derartige Links umgehend entfernen.<br><br><strong>Urheberrecht<\/strong><br><br> Die durch die Seitenbetreiber erstellten Inhalte und Werke auf diesen  Seiten unterliegen dem deutschen Urheberrecht. Die Vervielf\u00e4ltigung,  Bearbeitung, Verbreitung und jede Art der Verwertung au\u00dferhalb der  Grenzen des Urheberrechtes bed\u00fcrfen der schriftlichen Zustimmung des  jeweiligen Autors bzw. Erstellers. Downloads und Kopien dieser Seite  sind nur f\u00fcr den privaten, nicht kommerziellen Gebrauch gestattet.  Soweit die Inhalte auf dieser Seite nicht vom Betreiber erstellt wurden,  werden die Urheberrechte Dritter beachtet. Insbesondere werden Inhalte  Dritter als solche gekennzeichnet. Sollten Sie trotzdem auf eine  Urheberrechtsverletzung aufmerksam werden, bitten wir um einen  entsprechenden Hinweis. Bei Bekanntwerden von Rechtsverletzungen werden  wir derartige Inhalte umgehend entfernen.<br><br><strong>Datenschutz<\/strong><br><br> Die Nutzung unserer Webseite ist in der Regel ohne Angabe  personenbezogener Daten m\u00f6glich. Soweit auf unseren Seiten  personenbezogene Daten (beispielsweise Name, Anschrift oder  eMail-Adressen) erhoben werden, erfolgt dies, soweit m\u00f6glich, stets auf  freiwilliger Basis. Diese Daten werden ohne Ihre ausdr\u00fcckliche  Zustimmung nicht an Dritte weitergegeben. <br> Wir weisen darauf hin, dass die Daten\u00fcbertragung im Internet (z.B. bei  der Kommunikation per E-Mail) Sicherheitsl\u00fccken aufweisen kann. Ein  l\u00fcckenloser Schutz der Daten vor dem Zugriff durch Dritte ist nicht  m\u00f6glich. <br> Der Nutzung von im Rahmen der Impressumspflicht ver\u00f6ffentlichten  Kontaktdaten durch Dritte zur \u00dcbersendung von nicht ausdr\u00fccklich  angeforderter Werbung und Informationsmaterialien wird hiermit  ausdr\u00fccklich widersprochen. Die Betreiber der Seiten behalten sich  ausdr\u00fccklich rechtliche Schritte im Falle der unverlangten Zusendung von  Werbeinformationen, etwa durch Spam-Mails, vor.<br> <br>  Impressum vom <a href=\"https:\/\/www.impressum-generator.de\">Impressum Generator<\/a> der <a href=\"https:\/\/www.kanzlei-hasselbach.de\/\">Kanzlei Hasselbach, Rechtsanw\u00e4lte f\u00fcr Arbeitsrecht und Familienrecht<\/a><\/p>\n\n\n\n<p>Webseitengestaltung: Felix Hummelsheim<\/p>\n\n\n\n<p>Photos und historisches Bildmaterial: Helmuth Habel, Felix Hummelsheim, Odermark, Peter Rigaud, &nbsp;Harris Tweed org. Isle of Levis, Kunden des Hauses.<\/p>\n\n\n\n<p>Texte: Helmuth Habel, Felix Hummelsheim<\/p>\n\n\n\n<p>Marketing: Helmuth Habel<\/p>\n\n\n\n<p><\/p>\n\n\n\n<p>Zur statistischen Auswertung unserer Userdaten nutzen wir Jetpack. Die aktuellen &#8222;User-Policies&#8220; finden Sie unter folgenden Links<\/p>\n\n\n\n<figure class=\"wp-block-embed is-type-link is-provider-automattic\"><div class=\"wp-block-embed__wrapper\">\n<blockquote class=\"wp-embedded-content\" data-secret=\"RyR44dPkrM\"><a href=\"https:\/\/automattic.com\/privacy\/\">Privacy\u00a0Policy<\/a><\/blockquote><iframe class=\"wp-embedded-content\" sandbox=\"allow-scripts\" security=\"restricted\" style=\"position: absolute; clip: rect(1px, 1px, 1px, 1px);\" title=\"&#8220;Privacy\u00a0Policy&#8221; &#8212; Automattic\" src=\"https:\/\/automattic.com\/privacy\/embed\/#?secret=84z2Dz37iZ#?secret=RyR44dPkrM\" data-secret=\"RyR44dPkrM\" width=\"525\" height=\"296\" frameborder=\"0\" marginwidth=\"0\" marginheight=\"0\" scrolling=\"no\"><\/iframe>\n<\/div><\/figure>\n\n\n\n<figure class=\"wp-block-embed is-type-link is-provider-automattic\"><div class=\"wp-block-embed__wrapper\">\n<blockquote class=\"wp-embedded-content\" data-secret=\"SvQwol23io\"><a href=\"https:\/\/automattic.com\/privacy-notice\/\">Privacy Notice for Visitors to Our Users\u2019&nbsp;Sites<\/a><\/blockquote><iframe class=\"wp-embedded-content\" sandbox=\"allow-scripts\" security=\"restricted\" style=\"position: absolute; clip: rect(1px, 1px, 1px, 1px);\" title=\"&#8220;Privacy Notice for Visitors to Our Users\u2019&nbsp;Sites&#8221; &#8212; Automattic\" src=\"https:\/\/automattic.com\/privacy-notice\/embed\/#?secret=X7KH2W8Fgz#?secret=SvQwol23io\" data-secret=\"SvQwol23io\" width=\"525\" height=\"296\" frameborder=\"0\" marginwidth=\"0\" marginheight=\"0\" scrolling=\"no\"><\/iframe>\n<\/div><\/figure>\n","protected":false},"excerpt":{"rendered":"<p>Diese Seite ist noch nicht fertig gen\u00e4ht, ein paar Anproben sind noch notwendig! Angaben gem\u00e4\u00df \u00a7 5 TMG Sitz der Gesellschaft: Esther John KG, Furtw\u00e4nglerstr. 20, 14193 Berlin Registereintrag: Eintragung im Handelsregister. Registergericht: Berlin Registernummer: HRA B 43512 B Umsatzsteuer-ID: Umsatzsteuer-Identifikationsnummer gem\u00e4\u00df \u00a727a Umsatzsteuergesetz: DE 244252904 Haftungsausschluss: Haftung f\u00fcr Inhalte Die Inhalte unserer Seiten wurden &hellip; <\/p>\n<p class=\"link-more\"><a href=\"http:\/\/masskontor.com\/index.php\/impressum\/\" class=\"more-link\"><span class=\"screen-reader-text\">\u201eImpressum\u201c<\/span> weiterlesen<\/a><\/p>\n","protected":false},"author":2,"featured_media":0,"parent":0,"menu_order":0,"comment_status":"closed","ping_status":"closed","template":"","meta":[],"_links":{"self":[{"href":"http:\/\/masskontor.com\/index.php\/wp-json\/wp\/v2\/pages\/71"}],"collection":[{"href":"http:\/\/masskontor.com\/index.php\/wp-json\/wp\/v2\/pages"}],"about":[{"href":"http:\/\/masskontor.com\/index.php\/wp-json\/wp\/v2\/types\/page"}],"author":[{"embeddable":true,"href":"http:\/\/masskontor.com\/index.php\/wp-json\/wp\/v2\/users\/2"}],"replies":[{"embeddable":true,"href":"http:\/\/masskontor.com\/index.php\/wp-json\/wp\/v2\/comments?post=71"}],"version-history":[{"count":23,"href":"http:\/\/masskontor.com\/index.php\/wp-json\/wp\/v2\/pages\/71\/revisions"}],"predecessor-version":[{"id":879,"href":"http:\/\/masskontor.com\/index.php\/wp-json\/wp\/v2\/pages\/71\/revisions\/879"}],"wp:attachment":[{"href":"http:\/\/masskontor.com\/index.php\/wp-json\/wp\/v2\/media?parent=71"}],"curies":[{"name":"wp","href":"https:\/\/api.w.org\/{rel}","templated":true}]}}