{"id":676,"date":"2021-05-08T15:13:37","date_gmt":"2021-05-08T13:13:37","guid":{"rendered":"http:\/\/masskontor.com\/?page_id=676"},"modified":"2021-05-08T19:47:40","modified_gmt":"2021-05-08T17:47:40","slug":"serienfertigung","status":"publish","type":"page","link":"http:\/\/masskontor.com\/index.php\/serienfertigung\/","title":{"rendered":"Serienfertigung"},"content":{"rendered":"\n<figure class=\"wp-block-image size-large\"><img loading=\"lazy\" width=\"1024\" height=\"768\" src=\"http:\/\/masskontor.com\/wp-content\/uploads\/2021\/05\/DSCI0088-1024x768.jpg\" alt=\"\" class=\"wp-image-677\" srcset=\"http:\/\/masskontor.com\/wp-content\/uploads\/2021\/05\/DSCI0088-1024x768.jpg 1024w, http:\/\/masskontor.com\/wp-content\/uploads\/2021\/05\/DSCI0088-300x225.jpg 300w, http:\/\/masskontor.com\/wp-content\/uploads\/2021\/05\/DSCI0088-768x576.jpg 768w, http:\/\/masskontor.com\/wp-content\/uploads\/2021\/05\/DSCI0088-1536x1152.jpg 1536w, http:\/\/masskontor.com\/wp-content\/uploads\/2021\/05\/DSCI0088-2048x1536.jpg 2048w\" sizes=\"(max-width: 767px) 89vw, (max-width: 1000px) 54vw, (max-width: 1071px) 543px, 580px\" \/><\/figure>\n\n\n\n<p>Wir fertigen  Serien.<\/p>\n\n\n\n<p>Was sich hier in einem kurzen Satz liest, ist allerdings  logistischer  Aufwand.<\/p>\n\n\n\n<p> Sch\u00fctzenvereine, studentische Verbindungen, sowie Firmen, die eine Ausstattung der  Mitarbeiter f\u00fcr das &#8222;corporate identity&#8220;  w\u00fcnschen, k\u00f6nnen sich auf unsere langj\u00e4hrige Erfahrung verlassen.<\/p>\n\n\n\n<p>Sollten Sie, oder ein vielleicht auch ein Designer , diese Gedanken hegen, nehmen Sie mit unserem Haus Kontakt auf, service@masskontor.com.<\/p>\n\n\n\n<p>Von der Modellerstellung, den Materialbestellungen, der Fertigung, bis hin zur Auslieferung, stehen wir Ihnen gerne zur Verf\u00fcgung.<\/p>\n\n\n\n<p>Serien beginnen ab sieben Kleidungsst\u00fccke einer Gr\u00f6\u00dfe.<\/p>\n\n\n\n<p> Es gilt 50 % Anzahlung, Restzahlung bei Auslieferung.<\/p>\n","protected":false},"excerpt":{"rendered":"<p>Wir fertigen Serien. Was sich hier in einem kurzen Satz liest, ist allerdings logistischer Aufwand. Sch\u00fctzenvereine, studentische Verbindungen, sowie Firmen, die eine Ausstattung der Mitarbeiter f\u00fcr das &#8222;corporate identity&#8220; w\u00fcnschen, k\u00f6nnen sich auf unsere langj\u00e4hrige Erfahrung verlassen. Sollten Sie, oder ein vielleicht auch ein Designer , diese Gedanken hegen, nehmen Sie mit unserem Haus Kontakt &hellip; <\/p>\n<p class=\"link-more\"><a href=\"http:\/\/masskontor.com\/index.php\/serienfertigung\/\" class=\"more-link\"><span class=\"screen-reader-text\">\u201eSerienfertigung\u201c<\/span> weiterlesen<\/a><\/p>\n","protected":false},"author":1,"featured_media":0,"parent":0,"menu_order":0,"comment_status":"closed","ping_status":"closed","template":"","meta":[],"_links":{"self":[{"href":"http:\/\/masskontor.com\/index.php\/wp-json\/wp\/v2\/pages\/676"}],"collection":[{"href":"http:\/\/masskontor.com\/index.php\/wp-json\/wp\/v2\/pages"}],"about":[{"href":"http:\/\/masskontor.com\/index.php\/wp-json\/wp\/v2\/types\/page"}],"author":[{"embeddable":true,"href":"http:\/\/masskontor.com\/index.php\/wp-json\/wp\/v2\/users\/1"}],"replies":[{"embeddable":true,"href":"http:\/\/masskontor.com\/index.php\/wp-json\/wp\/v2\/comments?post=676"}],"version-history":[{"count":3,"href":"http:\/\/masskontor.com\/index.php\/wp-json\/wp\/v2\/pages\/676\/revisions"}],"predecessor-version":[{"id":683,"href":"http:\/\/masskontor.com\/index.php\/wp-json\/wp\/v2\/pages\/676\/revisions\/683"}],"wp:attachment":[{"href":"http:\/\/masskontor.com\/index.php\/wp-json\/wp\/v2\/media?parent=676"}],"curies":[{"name":"wp","href":"https:\/\/api.w.org\/{rel}","templated":true}]}}